{"id":17,"date":"2018-12-18T15:23:25","date_gmt":"2018-12-18T14:23:25","guid":{"rendered":"http:\/\/diving.evolutiontravel.it\/infovacanze\/?page_id=17"},"modified":"2019-02-15T09:57:00","modified_gmt":"2019-02-15T08:57:00","slug":"belize","status":"publish","type":"page","link":"https:\/\/diving.evolutiontravel.it\/infovacanze\/dove-fare-immersioni\/belize\/","title":{"rendered":"Immersioni in Belize"},"content":{"rendered":"<p>Il <strong>Belize<\/strong>, a <strong>nord del Mar dei Caraibi<\/strong>, \u00e8 famoso <strong>per le immersioni<\/strong>, c&#8217;\u00e8 la barriera corallina di oltre 200 km una tra le pi\u00f9 estese. Per praticare questo sport si arriva agli atolli dove le <strong>profondit\u00e0 possono anche superare i 50 metri<\/strong> e scendendo verso i fondali vedrete spugne, coralli, tantissime specie di pesci.<\/p>\n<p><strong><em>I cayos<\/em><\/strong> (le isole della barriera), offrono bianche spiagge, mare cristallino e vegetazione lussureggiante: Caulker Caye, Turneffe Island, English Caye, St. George\u2019s Caye e Ambergris Caye, sono tra i luoghi pi\u00f9 frequentati per fare diving e &#8220;vita da mare&#8221;.<\/p>\n<p><strong>Una delle immersioni pi\u00f9 gettonate nel Belize<\/strong> \u00e8 nel <strong>Great Blu-Hole<\/strong>, un enorme cratere con un diametro di centinaia di metri, e profondo centocinquanta metri. Mentre le immersioni pi\u00f9 tradizionali si fanno a <strong>Half Moon Wall<\/strong>: qui\u00e8 possibile incontrare <strong>squali e grandi mante<\/strong>.<\/p>\n<p>Ci sono anche diverse <strong>crociere diving<\/strong> che qui vi faranno navigare tra atolli suggestivi e reef distanti tra loro, per esempio <strong>Glover\u2019s Reef o Turneffe Island<\/strong> richiede alcune ore di navigazione. Turneffe Island \u00e8 un vastissimo reef di cui fanno parte <strong>oltre duecento isole<\/strong> e dove la profondit\u00e0 media del fondale varia tra i quindici ed i venti metri, per poi scendere lungo le pareti che prossime ai cinquanta metri formano un primo gradino.<\/p>\n<p><img loading=\"lazy\" decoding=\"async\" class=\"wp-image-55 alignright\" src=\"https:\/\/diving.evolutiontravel.it\/infovacanze\/wp-content\/uploads\/sites\/32\/2018\/12\/belize.jpg\" alt=\"immersioni in belize\" width=\"450\" height=\"338\" srcset=\"https:\/\/diving.evolutiontravel.it\/infovacanze\/wp-content\/uploads\/sites\/32\/2018\/12\/belize.jpg 750w, https:\/\/diving.evolutiontravel.it\/infovacanze\/wp-content\/uploads\/sites\/32\/2018\/12\/belize-300x225.jpg 300w\" sizes=\"(max-width: 450px) 100vw, 450px\" \/><\/p>\n<p><strong>Il periodo migliore per visitare il Belize<\/strong> \u00e8<strong> tra novembre e maggio<\/strong> (febbraio\u2013maggio \u00e8 il periodo il pi\u00f9 asciutto in assoluto) perch\u00e8 \u00e8 la stagione secca.<\/p>\n<p>In inverno siamo intorno ai 25\u00b0C, mentre in estate si arriva a oltre i 30\u00b0C mentre la temperatura del mare \u00e8 piuttosto costante e varia tra i 25-28\u00b0C.<\/p>\n<h2>Belize, non solo diving!<\/h2>\n<p>Dopo aver esplorato i fondali marini, potrete dedicarvi a escursioni a terra per vedere le tante <strong>testimonianze della civilt\u00e0 Maya<\/strong>.<\/p>\n<p><strong>La capitale \u00e8 Belmopan<\/strong>, che ha sostituito <strong>Belize City<\/strong> nel 1961 dopo che l\u2019uragano Hattie l\u2019aveva semidistrutta. Belize City rimane comunque la citt\u00e0 pi\u00f9 importante e si trova a circa 14 km dall\u2019aeroporto.<\/p>\n<p><strong>Nei dintorni di Belmopan<\/strong> visitate <strong>Mountain Pine Ridge<\/strong>, una riserva forestale nazionale molto vasta con pini, orchidee, corsi d\u2019acqua e cascate. E ancora <strong>Lamanai<\/strong> e <strong>Cuello<\/strong>, quest\u2019ultima la pi\u00f9 antica citt\u00e0 Maya scoperta fino ad oggi, e <strong>Altun-Ha<\/strong> ad una 50 km da Belize City, dove sono state effettuate le pi\u00f9 grandi scoperte archeologiche di questa zona.<\/p>\n<p>&nbsp;<\/p>\n<h3 style=\"text-align: center\">OFFERTE VACANZE DIVING NEL MONDO<\/h3>\n<p style=\"text-align: center\"><span style=\"color: #008000\"><strong>CLICCA E SCOPRI<\/strong><\/span>: <strong>programma <\/strong>viaggio, <strong>foto<\/strong>, <strong>commenti<\/strong> e <strong>recensioni<\/strong>!<\/p>\n<p style=\"text-align: center\"><strong>NON PERDERE ULTIME OCCASIONI DELLA SETTIMANA!<\/strong><\/p>\n<div class=\"feedzy-32c39eca339e84962a29b411ee328944 feedzy-rss\"><ul>Feed has no items.<\/ul> <\/div>\n","protected":false},"excerpt":{"rendered":"<p>Il Belize, a nord del Mar dei Caraibi, \u00e8 famoso per le immersioni, c&#8217;\u00e8 la barriera corallina di oltre 200 km una tra le pi\u00f9 estese. Per praticare questo sport si arriva agli atolli dove le profondit\u00e0 possono anche superare i 50 metri e scendendo verso i fondali vedrete spugne, coralli, tantissime specie di pesci. <a class=\"moretag\" href=\"https:\/\/diving.evolutiontravel.it\/infovacanze\/dove-fare-immersioni\/belize\/\">[&#8230;]<\/a><\/p>\n","protected":false},"author":6,"featured_media":0,"parent":15,"menu_order":0,"comment_status":"closed","ping_status":"closed","template":"templates\/template-with-right-sidebar.php","meta":{"footnotes":""},"yoast_head":"<!-- This site is optimized with the Yoast SEO plugin v21.9.1 - https:\/\/yoast.com\/wordpress\/plugins\/seo\/ -->\n<title>Diving Belize per vedere squali e mante - Diving.evolutiontravel.it<\/title>\n<meta name=\"description\" content=\"Scopri con noi dove fare diving in Belize: tra fondali, squali, mante e coralli una vacanza all&#039;insegna delle meraviglie marine. Leggi il nostro articolo!\" \/>\n<meta name=\"robots\" content=\"index, follow, max-snippet:-1, max-image-preview:large, max-video-preview:-1\" \/>\n<link rel=\"canonical\" href=\"https:\/\/diving.evolutiontravel.it\/infovacanze\/dove-fare-immersioni\/belize\/\" \/>\n<meta property=\"og:locale\" content=\"it_IT\" \/>\n<meta property=\"og:type\" content=\"article\" \/>\n<meta property=\"og:title\" content=\"Diving Belize per vedere squali e mante - Diving.evolutiontravel.it\" \/>\n<meta property=\"og:description\" content=\"Scopri con noi dove fare diving in Belize: tra fondali, squali, mante e coralli una vacanza all&#039;insegna delle meraviglie marine. Leggi il nostro articolo!\" \/>\n<meta property=\"og:url\" content=\"https:\/\/diving.evolutiontravel.it\/infovacanze\/dove-fare-immersioni\/belize\/\" \/>\n<meta property=\"og:site_name\" content=\"Diving\" \/>\n<meta property=\"article:modified_time\" content=\"2019-02-15T08:57:00+00:00\" \/>\n<meta property=\"og:image\" content=\"https:\/\/diving.evolutiontravel.it\/infovacanze\/wp-content\/uploads\/sites\/32\/2018\/12\/belize.jpg\" \/>\n<meta name=\"twitter:card\" content=\"summary_large_image\" \/>\n<meta name=\"twitter:label1\" content=\"Tempo di lettura stimato\" \/>\n\t<meta name=\"twitter:data1\" content=\"2 minuti\" \/>\n<script type=\"application\/ld+json\" class=\"yoast-schema-graph\">{\"@context\":\"https:\/\/schema.org\",\"@graph\":[{\"@type\":\"WebPage\",\"@id\":\"https:\/\/diving.evolutiontravel.it\/infovacanze\/dove-fare-immersioni\/belize\/\",\"url\":\"https:\/\/diving.evolutiontravel.it\/infovacanze\/dove-fare-immersioni\/belize\/\",\"name\":\"Diving Belize per vedere squali e mante - Diving.evolutiontravel.it\",\"isPartOf\":{\"@id\":\"https:\/\/diving.evolutiontravel.it\/infovacanze\/#website\"},\"datePublished\":\"2018-12-18T14:23:25+00:00\",\"dateModified\":\"2019-02-15T08:57:00+00:00\",\"description\":\"Scopri con noi dove fare diving in Belize: tra fondali, squali, mante e coralli una vacanza all'insegna delle meraviglie marine. Leggi il nostro articolo!\",\"breadcrumb\":{\"@id\":\"https:\/\/diving.evolutiontravel.it\/infovacanze\/dove-fare-immersioni\/belize\/#breadcrumb\"},\"inLanguage\":\"it-IT\",\"potentialAction\":[{\"@type\":\"ReadAction\",\"target\":[\"https:\/\/diving.evolutiontravel.it\/infovacanze\/dove-fare-immersioni\/belize\/\"]}]},{\"@type\":\"BreadcrumbList\",\"@id\":\"https:\/\/diving.evolutiontravel.it\/infovacanze\/dove-fare-immersioni\/belize\/#breadcrumb\",\"itemListElement\":[{\"@type\":\"ListItem\",\"position\":1,\"name\":\"Home\",\"item\":\"https:\/\/diving.evolutiontravel.it\/infovacanze\/\"},{\"@type\":\"ListItem\",\"position\":2,\"name\":\"Dove fare immersioni\",\"item\":\"https:\/\/diving.evolutiontravel.it\/infovacanze\/dove-fare-immersioni\/\"},{\"@type\":\"ListItem\",\"position\":3,\"name\":\"Immersioni in Belize\"}]},{\"@type\":\"WebSite\",\"@id\":\"https:\/\/diving.evolutiontravel.it\/infovacanze\/#website\",\"url\":\"https:\/\/diving.evolutiontravel.it\/infovacanze\/\",\"name\":\"Diving\",\"description\":\"\",\"potentialAction\":[{\"@type\":\"SearchAction\",\"target\":{\"@type\":\"EntryPoint\",\"urlTemplate\":\"https:\/\/diving.evolutiontravel.it\/infovacanze\/?s={search_term_string}\"},\"query-input\":\"required name=search_term_string\"}],\"inLanguage\":\"it-IT\"}]}<\/script>\n<!-- \/ Yoast SEO plugin. -->","yoast_head_json":{"title":"Diving Belize per vedere squali e mante - Diving.evolutiontravel.it","description":"Scopri con noi dove fare diving in Belize: tra fondali, squali, mante e coralli una vacanza all'insegna delle meraviglie marine. Leggi il nostro articolo!","robots":{"index":"index","follow":"follow","max-snippet":"max-snippet:-1","max-image-preview":"max-image-preview:large","max-video-preview":"max-video-preview:-1"},"canonical":"https:\/\/diving.evolutiontravel.it\/infovacanze\/dove-fare-immersioni\/belize\/","og_locale":"it_IT","og_type":"article","og_title":"Diving Belize per vedere squali e mante - Diving.evolutiontravel.it","og_description":"Scopri con noi dove fare diving in Belize: tra fondali, squali, mante e coralli una vacanza all'insegna delle meraviglie marine. Leggi il nostro articolo!","og_url":"https:\/\/diving.evolutiontravel.it\/infovacanze\/dove-fare-immersioni\/belize\/","og_site_name":"Diving","article_modified_time":"2019-02-15T08:57:00+00:00","og_image":[{"url":"https:\/\/diving.evolutiontravel.it\/infovacanze\/wp-content\/uploads\/sites\/32\/2018\/12\/belize.jpg"}],"twitter_card":"summary_large_image","twitter_misc":{"Tempo di lettura stimato":"2 minuti"},"schema":{"@context":"https:\/\/schema.org","@graph":[{"@type":"WebPage","@id":"https:\/\/diving.evolutiontravel.it\/infovacanze\/dove-fare-immersioni\/belize\/","url":"https:\/\/diving.evolutiontravel.it\/infovacanze\/dove-fare-immersioni\/belize\/","name":"Diving Belize per vedere squali e mante - Diving.evolutiontravel.it","isPartOf":{"@id":"https:\/\/diving.evolutiontravel.it\/infovacanze\/#website"},"datePublished":"2018-12-18T14:23:25+00:00","dateModified":"2019-02-15T08:57:00+00:00","description":"Scopri con noi dove fare diving in Belize: tra fondali, squali, mante e coralli una vacanza all'insegna delle meraviglie marine. Leggi il nostro articolo!","breadcrumb":{"@id":"https:\/\/diving.evolutiontravel.it\/infovacanze\/dove-fare-immersioni\/belize\/#breadcrumb"},"inLanguage":"it-IT","potentialAction":[{"@type":"ReadAction","target":["https:\/\/diving.evolutiontravel.it\/infovacanze\/dove-fare-immersioni\/belize\/"]}]},{"@type":"BreadcrumbList","@id":"https:\/\/diving.evolutiontravel.it\/infovacanze\/dove-fare-immersioni\/belize\/#breadcrumb","itemListElement":[{"@type":"ListItem","position":1,"name":"Home","item":"https:\/\/diving.evolutiontravel.it\/infovacanze\/"},{"@type":"ListItem","position":2,"name":"Dove fare immersioni","item":"https:\/\/diving.evolutiontravel.it\/infovacanze\/dove-fare-immersioni\/"},{"@type":"ListItem","position":3,"name":"Immersioni in Belize"}]},{"@type":"WebSite","@id":"https:\/\/diving.evolutiontravel.it\/infovacanze\/#website","url":"https:\/\/diving.evolutiontravel.it\/infovacanze\/","name":"Diving","description":"","potentialAction":[{"@type":"SearchAction","target":{"@type":"EntryPoint","urlTemplate":"https:\/\/diving.evolutiontravel.it\/infovacanze\/?s={search_term_string}"},"query-input":"required name=search_term_string"}],"inLanguage":"it-IT"}]}},"_links":{"self":[{"href":"https:\/\/diving.evolutiontravel.it\/infovacanze\/wp-json\/wp\/v2\/pages\/17"}],"collection":[{"href":"https:\/\/diving.evolutiontravel.it\/infovacanze\/wp-json\/wp\/v2\/pages"}],"about":[{"href":"https:\/\/diving.evolutiontravel.it\/infovacanze\/wp-json\/wp\/v2\/types\/page"}],"author":[{"embeddable":true,"href":"https:\/\/diving.evolutiontravel.it\/infovacanze\/wp-json\/wp\/v2\/users\/6"}],"replies":[{"embeddable":true,"href":"https:\/\/diving.evolutiontravel.it\/infovacanze\/wp-json\/wp\/v2\/comments?post=17"}],"version-history":[{"count":7,"href":"https:\/\/diving.evolutiontravel.it\/infovacanze\/wp-json\/wp\/v2\/pages\/17\/revisions"}],"predecessor-version":[{"id":200,"href":"https:\/\/diving.evolutiontravel.it\/infovacanze\/wp-json\/wp\/v2\/pages\/17\/revisions\/200"}],"up":[{"embeddable":true,"href":"https:\/\/diving.evolutiontravel.it\/infovacanze\/wp-json\/wp\/v2\/pages\/15"}],"wp:attachment":[{"href":"https:\/\/diving.evolutiontravel.it\/infovacanze\/wp-json\/wp\/v2\/media?parent=17"}],"curies":[{"name":"wp","href":"https:\/\/api.w.org\/{rel}","templated":true}]}}