{"id":131,"date":"2019-01-11T15:07:18","date_gmt":"2019-01-11T14:07:18","guid":{"rendered":"http:\/\/diving.evolutiontravel.it\/infovacanze\/?page_id=131"},"modified":"2019-02-14T10:38:25","modified_gmt":"2019-02-14T09:38:25","slug":"tipi-immersioni","status":"publish","type":"page","link":"https:\/\/diving.evolutiontravel.it\/infovacanze\/tipi-immersioni\/","title":{"rendered":"Quanti tipi di immersioni subacquee ci sono?"},"content":{"rendered":"<p>Ci sono <strong>diversi tipi di immersioni<\/strong>, quali: sportiva, notturna, in grotta, profonda, in relitto, in corrente, in quota e tecnica.<\/p>\n<p>Intanto vediamo <strong>il significato della parola &#8220;diving&#8221;<\/strong> (o immersioni): con questa parola si intende la pratica di <strong>immergersi completamente nell\u2019acqua<\/strong> per scendere <strong>diversi metri sotto<\/strong> la superficie del mare con <strong>un\u2019attrezzatura<\/strong> che prevede <strong>muta, pinne, maschera e bombole di ossigeno<\/strong>.<\/p>\n<p>Mentre <strong>lo snorkeling non \u00e8 una vera e propria immersione<\/strong> perch\u00e9 non prevede di immergersi completamente ma di rimanere in superficie con maschera, boccaglio e pinne: \u00e8 per\u00f2 il primo step di osservazione dei fondali.<\/p>\n<p>Il diving \u00e8 uno sport che va praticato <strong>in sicurezza<\/strong> seguendo con attenzione indicazioni e pratiche, ed \u00e8 per questo che <strong>formazione e brevetti<\/strong> sono cos\u00ec importanti.<\/p>\n<h2>Immersione sportiva<\/h2>\n<p>\u00c8 l&#8217;immersione subacquea pi\u00f9 conosciuta e praticata per scopi ricreativi, dagli appassionati che girano il mondo cercando fondali da esplorare, cos\u00ec come dai principianti che vogliono provare l\u2019esperienza in vacanza.<\/p>\n<p>Nella pratica dell\u2019immersione sportiva sono fondamentali<strong> i centri diving<\/strong>, per la formazione che garantiscono anche a chi si avvicina a questo sport per la prima volta.<\/p>\n<h2>Immersione notturna<\/h2>\n<p>Il diving notturno permette di osservare la <strong>fauna sottomarina notturna<\/strong>, in un ambiente molto diverso da quello diurno.<\/p>\n<p>In questo tipo di immersioni sono fondamentali le fonti luminose alternative come le <strong>torce e i fari<\/strong>, proprio per l\u2019assenza dell\u2019illuminazione naturale.<\/p>\n<h2>Cavern diver e immersione in grotta<\/h2>\n<p><strong>L\u2019immersione in grotta<\/strong> \u00e8 un\u2019attivit\u00e0 <strong>tra diving e speleologia<\/strong>: \u00e8 uno sport molto complesso che si pu\u00f2 fare solo dopo un apposito training.<\/p>\n<p><strong>Il Cavern diver \u00e8 invece una versione semplificata<\/strong> dell\u2019immersione in grotta, perch\u00e9 non prevede l\u2019esplorazione in profondit\u00e0 ma solo l\u2019ingresso in zone delle grotte esterne e illuminate dal sole.<\/p>\n<h2>Immersione profonda<\/h2>\n<p>L\u2019immersione profonda \u00e8 definita cos\u00ec in base alla distanza dalla superficie dell\u2019acqua, che va <strong>dai 25 ai 40 metri<\/strong>.<\/p>\n<div id=\"attachment_113\" style=\"width: 460px\" class=\"wp-caption alignright\"><img loading=\"lazy\" decoding=\"async\" aria-describedby=\"caption-attachment-113\" class=\"wp-image-113\" src=\"https:\/\/diving.evolutiontravel.it\/infovacanze\/wp-content\/uploads\/sites\/32\/2019\/01\/relitti-mar-rosso.jpg\" alt=\"Relitti del Mar Rosso\" width=\"450\" height=\"281\" srcset=\"https:\/\/diving.evolutiontravel.it\/infovacanze\/wp-content\/uploads\/sites\/32\/2019\/01\/relitti-mar-rosso.jpg 600w, https:\/\/diving.evolutiontravel.it\/infovacanze\/wp-content\/uploads\/sites\/32\/2019\/01\/relitti-mar-rosso-300x188.jpg 300w\" sizes=\"(max-width: 450px) 100vw, 450px\" \/><p id=\"caption-attachment-113\" class=\"wp-caption-text\">Immersioni per vedere i relitti. In questo caso i <a href=\"https:\/\/diving.evolutiontravel.it\/infovacanze\/dove-fare-immersioni\/mar-rosso\/\">relitti del Mar Rosso<\/a>.<\/p><\/div>\n<p>In questo caso si dovr\u00e0 tenere presente la maggiore pressione dell\u2019acqua e conseguentemente la <strong>maggiore difficolt\u00e0 di risalita<\/strong>: le tappe di decompressione sono maggiori e bisogna assicurarsi anche di non avere eccessiva zavorra.<\/p>\n<h2>Immersione in relitto<\/h2>\n<p>L\u2019immersione in relitto si concentra nell\u2019<strong>esplorazione dei relitti sottomarini,<\/strong> testimonianza storiche e archeologiche spesso molto importanti.<\/p>\n<p>Il fascino del passato e dell\u2019ecosistema che si \u00e8 sviluppato sul relitto sono richiami irresistibili per gli appassionati di diving: anche in questo caso, dovendo <strong>esplorare ambienti chiusi<\/strong>, \u00e8 importante non farlo da soli e senza il dovuto addestramento.<\/p>\n<h2>Immersione in corrente<\/h2>\n<p>Si definisce immersione in corrente ogni tipo di immersione eseguita in una zona di particolari <strong>correnti marine<\/strong>: in genere questo tipo di immersione si sceglie perch\u00e9 si vuole sperimentare l\u2019effetto della corrente o perch\u00e9 si vuole osservare le <strong>particolari condizioni di flora e fauna<\/strong> che si sono sviluppate in coesistenza con quella corrente.<\/p>\n<p>Naturalmente \u00e8 possibile che ci siano correnti anche durante tutti gli altri tipi di immersione, per questo imparare a conoscerle \u00e8 un punto importante di tutti i corsi di diving.<\/p>\n<h2>Immersione in quota<\/h2>\n<p>Si tratta di attivit\u00e0 fatte principalmente nei <strong>laghi di montagna<\/strong>, e a parte la differenza nello spessore della muta, per le temperature\u00a0 dell\u2019acqua diverse da quelle del mare, varia anche nelle fasi di decompressione per la risalita, che tengono conto della diversa pressione atmosferica ad altitudini diverse.<\/p>\n<h2>Immersione tecnica<\/h2>\n<p>Si tratta di tutte quelle immersioni <strong>eseguite da professionisti certificati<\/strong> che superano i normali limiti delle immersioni sportive, sia perch\u00e9 si spingono <strong>pi\u00f9 a fondo<\/strong>, sia perch\u00e9 <strong>durano di pi\u00f9<\/strong>. <strong>L\u2019immersione tecnica non \u00e8 alla portata di tutti<\/strong>, e va eseguita solo se si possiede una grande esperienza e una comprovata dimestichezza con gli ambienti sottomarini e con tutte le tecniche di discesa, respirazione e risalita.<\/p>\n<p>&nbsp;<\/p>\n<h3 style=\"text-align: center\">Speciale &#8220;<span style=\"color: #008000\">Diving in vacanza<\/span>&#8221; con Evolution Travel<\/h3>\n<p style=\"text-align: center\">Cogli al volo <strong>le ultime occasioni della settimana<\/strong>: <strong><span style=\"color: #008000\">CLICCA E SCOPRI TUTTO!<\/span><\/strong><\/p>\n<p style=\"text-align: center\"><strong>Programma<\/strong> viaggio dettagliato, tante<strong> foto<\/strong>, <strong>opinioni<\/strong> di altri sub e molto altro ancora!<\/p>\n<div class=\"feedzy-619aa7599fb6350e17b58358504671d2 feedzy-rss\">\n\t\t<ul class=\"feedzy-style2\">\n\t\t\t\t\t<li  style=\"padding: 23px 0 38px\" class=\"rss_item feedzy-rss-col-3\" >\n\t\t\t\t\t\t\t\t\t<div class=\"rss_image\" style=\"width:225px; height:225px;\">\n\t\t\t\t\t\t<a href=\"https:\/\/diving.evolutiontravel.it\/it_IT\/965\/tab\/41043_papua-paradise-eco-resort.html\" target=\"_blank\" \n\t\t\t\t\t\t\trel=\"noopener \"\n\t\t\t\t\t\t\ttitle=\"Papua Paradise Eco Resort\"\n\t\t\t\t\t\t\tstyle=\"width:225px; height:225px;\">\n\t\t\t\t\t\t\t<span class=\"fetched\" style=\"background-image:  url('http:\/\/etcdn.net\/thumbnails\/41017\/it-indonesia-papua-paradise-eco-resort-84953.jpg');\" title=\"Papua Paradise Eco Resort\"><\/span><amp-img width=\"225\" height=\"225\" src=\"http:\/\/etcdn.net\/thumbnails\/41017\/it-indonesia-papua-paradise-eco-resort-84953.jpg\">\t\t\t\t\t\t<\/a>\n\t\t\t\t\t<\/div>\n\t\t\t\t\t\t\t\t<div class=\"rss_content_wrap\">\n\t\t\t\t\t<span class=\"title\">\n\t\t\t\t\t\t<a href=\"https:\/\/diving.evolutiontravel.it\/it_IT\/965\/tab\/41043_papua-paradise-eco-resort.html\" target=\"_blank\"  rel=\"noopener \">\n\t\t\t\t\t\t\tPapua Paradise Eco Resort\t\t\t\t\t\t<\/a>\n\t\t\t\t\t<\/span>\n\t\t\t\t\t<div class=\"rss_content\"\n\t\t\t\t\t\t\tstyle=\"\">\n\t\t\t\t\t\t\n\t\t\t\t\t\t\t\t\t\t\t\t<p class=\"description\">Il Papua Paradise Resort si trova lungo la costa incontaminata dell'isola disabitata di Birie, a Raja Ampat; offre uno standard [&hellip;]<\/p>\n\t\t\t\t\t\t\n\t\t\t\t\t\t\t\t\t\t\t\t\t\t\t\t\t\t\t<div class=\"price-wrap\">\n\t\t\t\t\t\t\t\t<a href=\"https:\/\/diving.evolutiontravel.it\/it_IT\/965\/tab\/41043_papua-paradise-eco-resort.html\" target=\"_blank\" rel=\"noopener\"><button class=\"price\"> 1831<\/button><\/a>\n\t\t\t\t\t\t\t<\/div>\n\t\t\t\t\t\t\t\t\t\t\t<\/div>\n\t\t\t\t<\/div>\n\t\t\t<\/li>\n\t\t\t\t\t\t<li  style=\"padding: 23px 0 38px\" class=\"rss_item feedzy-rss-col-3\" >\n\t\t\t\t\t\t\t\t\t<div class=\"rss_image\" style=\"width:225px; height:225px;\">\n\t\t\t\t\t\t<a href=\"https:\/\/diving.evolutiontravel.it\/it_IT\/965\/tab\/1155_exotic-island-dive-beach-resort-3-stelle.html\" target=\"_blank\" \n\t\t\t\t\t\t\trel=\"noopener \"\n\t\t\t\t\t\t\ttitle=\"Exotic Island Dive &amp; Beach Resort 3 stelle\"\n\t\t\t\t\t\t\tstyle=\"width:225px; height:225px;\">\n\t\t\t\t\t\t\t<span class=\"fetched\" style=\"background-image:  url('http:\/\/etcdn.net\/thumbnails\/1155\/it-malapascua-exotic-island-dive-beach-resort-3-stelle-4ccf2.jpg');\" title=\"Exotic Island Dive &amp; Beach Resort 3 stelle\"><\/span><amp-img width=\"225\" height=\"225\" src=\"http:\/\/etcdn.net\/thumbnails\/1155\/it-malapascua-exotic-island-dive-beach-resort-3-stelle-4ccf2.jpg\">\t\t\t\t\t\t<\/a>\n\t\t\t\t\t<\/div>\n\t\t\t\t\t\t\t\t<div class=\"rss_content_wrap\">\n\t\t\t\t\t<span class=\"title\">\n\t\t\t\t\t\t<a href=\"https:\/\/diving.evolutiontravel.it\/it_IT\/965\/tab\/1155_exotic-island-dive-beach-resort-3-stelle.html\" target=\"_blank\"  rel=\"noopener \">\n\t\t\t\t\t\t\tExotic Island Dive &amp; Beach Resort 3 stelle\t\t\t\t\t\t<\/a>\n\t\t\t\t\t<\/span>\n\t\t\t\t\t<div class=\"rss_content\"\n\t\t\t\t\t\t\tstyle=\"\">\n\t\t\t\t\t\t\n\t\t\t\t\t\t\t\t\t\t\t\t<p class=\"description\">L'isola di\u00a0Malapascua,\u00a0una nuova ed incontaminata frontiera per le immersioni alle Filippine,\u00a0si trova a 8 km a Nord-Est [&hellip;]<\/p>\n\t\t\t\t\t\t\n\t\t\t\t\t\t\t\t\t\t\t\t\t\t\t\t\t\t\t<div class=\"price-wrap\">\n\t\t\t\t\t\t\t\t<a href=\"https:\/\/diving.evolutiontravel.it\/it_IT\/965\/tab\/1155_exotic-island-dive-beach-resort-3-stelle.html\" target=\"_blank\" rel=\"noopener\"><button class=\"price\"> 754<\/button><\/a>\n\t\t\t\t\t\t\t<\/div>\n\t\t\t\t\t\t\t\t\t\t\t<\/div>\n\t\t\t\t<\/div>\n\t\t\t<\/li>\n\t\t\t\t\t\t<li  style=\"padding: 23px 0 38px\" class=\"rss_item feedzy-rss-col-3\" >\n\t\t\t\t\t\t\t\t\t<div class=\"rss_image\" style=\"width:225px; height:225px;\">\n\t\t\t\t\t\t<a href=\"https:\/\/diving.evolutiontravel.it\/it_IT\/965\/tab\/5690_pole-pole-resort-4-stelle.html\" target=\"_blank\" \n\t\t\t\t\t\t\trel=\"noopener \"\n\t\t\t\t\t\t\ttitle=\"Pole Pole Resort 4 stelle\"\n\t\t\t\t\t\t\tstyle=\"width:225px; height:225px;\">\n\t\t\t\t\t\t\t<span class=\"fetched\" style=\"background-image:  url('http:\/\/etcdn.net\/thumbnails\/5690\/it-isola-di-mafia-pole-pole-resort-4-stelle-83c84.jpg');\" title=\"Pole Pole Resort 4 stelle\"><\/span><amp-img width=\"225\" height=\"225\" src=\"http:\/\/etcdn.net\/thumbnails\/5690\/it-isola-di-mafia-pole-pole-resort-4-stelle-83c84.jpg\">\t\t\t\t\t\t<\/a>\n\t\t\t\t\t<\/div>\n\t\t\t\t\t\t\t\t<div class=\"rss_content_wrap\">\n\t\t\t\t\t<span class=\"title\">\n\t\t\t\t\t\t<a href=\"https:\/\/diving.evolutiontravel.it\/it_IT\/965\/tab\/5690_pole-pole-resort-4-stelle.html\" target=\"_blank\"  rel=\"noopener \">\n\t\t\t\t\t\t\tPole Pole Resort 4 stelle\t\t\t\t\t\t<\/a>\n\t\t\t\t\t<\/span>\n\t\t\t\t\t<div class=\"rss_content\"\n\t\t\t\t\t\t\tstyle=\"\">\n\t\t\t\t\t\t\n\t\t\t\t\t\t\t\t\t\t\t\t<p class=\"description\">Pole Pole, considerato uno dei pi\u00f9 esclusivi eco-resort del mondo, \u00e8 rinomato per la sua ottima cucina e un'atmosfera [&hellip;]<\/p>\n\t\t\t\t\t\t\n\t\t\t\t\t\t\t\t\t\t\t\t\t\t\t\t\t\t\t<div class=\"price-wrap\">\n\t\t\t\t\t\t\t\t<a href=\"https:\/\/diving.evolutiontravel.it\/it_IT\/965\/tab\/5690_pole-pole-resort-4-stelle.html\" target=\"_blank\" rel=\"noopener\"><button class=\"price\"> 2150<\/button><\/a>\n\t\t\t\t\t\t\t<\/div>\n\t\t\t\t\t\t\t\t\t\t\t<\/div>\n\t\t\t\t<\/div>\n\t\t\t<\/li>\n\t\t\t\t\t\t<li  style=\"padding: 23px 0 38px\" class=\"rss_item feedzy-rss-col-3\" >\n\t\t\t\t\t\t\t\t\t<div class=\"rss_image\" style=\"width:225px; height:225px;\">\n\t\t\t\t\t\t<a href=\"https:\/\/diving.evolutiontravel.it\/it_IT\/965\/tab\/5755_turneffe-island-resort.html\" target=\"_blank\" \n\t\t\t\t\t\t\trel=\"noopener \"\n\t\t\t\t\t\t\ttitle=\"Turneffe Island Resort\"\n\t\t\t\t\t\t\tstyle=\"width:225px; height:225px;\">\n\t\t\t\t\t\t\t<span class=\"fetched\" style=\"background-image:  url('http:\/\/etcdn.net\/thumbnails\/5755\/it-turneffe-atoll-turneffe-island-resort-4ea83.jpg');\" title=\"Turneffe Island Resort\"><\/span><amp-img width=\"225\" height=\"225\" src=\"http:\/\/etcdn.net\/thumbnails\/5755\/it-turneffe-atoll-turneffe-island-resort-4ea83.jpg\">\t\t\t\t\t\t<\/a>\n\t\t\t\t\t<\/div>\n\t\t\t\t\t\t\t\t<div class=\"rss_content_wrap\">\n\t\t\t\t\t<span class=\"title\">\n\t\t\t\t\t\t<a href=\"https:\/\/diving.evolutiontravel.it\/it_IT\/965\/tab\/5755_turneffe-island-resort.html\" target=\"_blank\"  rel=\"noopener \">\n\t\t\t\t\t\t\tTurneffe Island Resort\t\t\t\t\t\t<\/a>\n\t\t\t\t\t<\/span>\n\t\t\t\t\t<div class=\"rss_content\"\n\t\t\t\t\t\t\tstyle=\"\">\n\t\t\t\t\t\t\n\t\t\t\t\t\t\t\t\t\t\t\t<p class=\"description\">A meno di due ore di barca da Belize City, una piccola isola privata con spiagge di sabbia bianca e palme da cocco, [&hellip;]<\/p>\n\t\t\t\t\t\t\n\t\t\t\t\t\t\t\t\t\t\t\t\t\t\t\t\t\t\t<div class=\"price-wrap\">\n\t\t\t\t\t\t\t\t<a href=\"https:\/\/diving.evolutiontravel.it\/it_IT\/965\/tab\/5755_turneffe-island-resort.html\" target=\"_blank\" rel=\"noopener\"><button class=\"price\"> 3860<\/button><\/a>\n\t\t\t\t\t\t\t<\/div>\n\t\t\t\t\t\t\t\t\t\t\t<\/div>\n\t\t\t\t<\/div>\n\t\t\t<\/li>\n\t\t\t\t<\/ul>\n<\/div>\n<style type=\"text\/css\" media=\"all\">.feedzy-rss .rss_item .rss_image{float:left;position:relative;border:none;text-decoration:none;max-width:100%}.feedzy-rss .rss_item .rss_image span{display:inline-block;position:absolute;width:100%;height:100%;background-position:50%;background-size:cover}.feedzy-rss .rss_item .rss_image{margin:.3em 1em 0 0;content-visibility:auto}.feedzy-rss ul{list-style:none}.feedzy-rss ul li{display:inline-block}<\/style>\n","protected":false},"excerpt":{"rendered":"<p>Ci sono diversi tipi di immersioni, quali: sportiva, notturna, in grotta, profonda, in relitto, in corrente, in quota e tecnica. Intanto vediamo il significato della parola &#8220;diving&#8221; (o immersioni): con questa parola si intende la pratica di immergersi completamente nell\u2019acqua per scendere diversi metri sotto la superficie del mare con un\u2019attrezzatura che prevede muta, pinne, <a class=\"moretag\" href=\"https:\/\/diving.evolutiontravel.it\/infovacanze\/tipi-immersioni\/\">[&#8230;]<\/a><\/p>\n","protected":false},"author":6,"featured_media":0,"parent":0,"menu_order":0,"comment_status":"closed","ping_status":"closed","template":"templates\/template-with-right-sidebar.php","meta":{"footnotes":""},"yoast_head":"<!-- This site is optimized with the Yoast SEO plugin v21.9.1 - https:\/\/yoast.com\/wordpress\/plugins\/seo\/ -->\n<title>Tipi di immersioni: spiegazione e significato - Diving Evolution Travel<\/title>\n<meta name=\"description\" content=\"Quanti tipi di immersioni subacquee ci sono? Cosa significa diving? Ecco per te un articolo con informazioni utili se vuoi fare questo sport in vacanza!\" \/>\n<meta name=\"robots\" content=\"index, follow, max-snippet:-1, max-image-preview:large, max-video-preview:-1\" \/>\n<link rel=\"canonical\" href=\"https:\/\/diving.evolutiontravel.it\/infovacanze\/tipi-immersioni\/\" \/>\n<meta property=\"og:locale\" content=\"it_IT\" \/>\n<meta property=\"og:type\" content=\"article\" \/>\n<meta property=\"og:title\" content=\"Tipi di immersioni: spiegazione e significato - Diving Evolution Travel\" \/>\n<meta property=\"og:description\" content=\"Quanti tipi di immersioni subacquee ci sono? Cosa significa diving? Ecco per te un articolo con informazioni utili se vuoi fare questo sport in vacanza!\" \/>\n<meta property=\"og:url\" content=\"https:\/\/diving.evolutiontravel.it\/infovacanze\/tipi-immersioni\/\" \/>\n<meta property=\"og:site_name\" content=\"Diving\" \/>\n<meta property=\"article:modified_time\" content=\"2019-02-14T09:38:25+00:00\" \/>\n<meta property=\"og:image\" content=\"https:\/\/diving.evolutiontravel.it\/infovacanze\/wp-content\/uploads\/sites\/32\/2019\/01\/relitti-mar-rosso.jpg\" \/>\n<meta name=\"twitter:card\" content=\"summary_large_image\" \/>\n<meta name=\"twitter:label1\" content=\"Tempo di lettura stimato\" \/>\n\t<meta name=\"twitter:data1\" content=\"3 minuti\" \/>\n<script type=\"application\/ld+json\" class=\"yoast-schema-graph\">{\"@context\":\"https:\/\/schema.org\",\"@graph\":[{\"@type\":\"WebPage\",\"@id\":\"https:\/\/diving.evolutiontravel.it\/infovacanze\/tipi-immersioni\/\",\"url\":\"https:\/\/diving.evolutiontravel.it\/infovacanze\/tipi-immersioni\/\",\"name\":\"Tipi di immersioni: spiegazione e significato - Diving Evolution Travel\",\"isPartOf\":{\"@id\":\"https:\/\/diving.evolutiontravel.it\/infovacanze\/#website\"},\"datePublished\":\"2019-01-11T14:07:18+00:00\",\"dateModified\":\"2019-02-14T09:38:25+00:00\",\"description\":\"Quanti tipi di immersioni subacquee ci sono? Cosa significa diving? Ecco per te un articolo con informazioni utili se vuoi fare questo sport in vacanza!\",\"breadcrumb\":{\"@id\":\"https:\/\/diving.evolutiontravel.it\/infovacanze\/tipi-immersioni\/#breadcrumb\"},\"inLanguage\":\"it-IT\",\"potentialAction\":[{\"@type\":\"ReadAction\",\"target\":[\"https:\/\/diving.evolutiontravel.it\/infovacanze\/tipi-immersioni\/\"]}]},{\"@type\":\"BreadcrumbList\",\"@id\":\"https:\/\/diving.evolutiontravel.it\/infovacanze\/tipi-immersioni\/#breadcrumb\",\"itemListElement\":[{\"@type\":\"ListItem\",\"position\":1,\"name\":\"Home\",\"item\":\"https:\/\/diving.evolutiontravel.it\/infovacanze\/\"},{\"@type\":\"ListItem\",\"position\":2,\"name\":\"Quanti tipi di immersioni subacquee ci sono?\"}]},{\"@type\":\"WebSite\",\"@id\":\"https:\/\/diving.evolutiontravel.it\/infovacanze\/#website\",\"url\":\"https:\/\/diving.evolutiontravel.it\/infovacanze\/\",\"name\":\"Diving\",\"description\":\"\",\"potentialAction\":[{\"@type\":\"SearchAction\",\"target\":{\"@type\":\"EntryPoint\",\"urlTemplate\":\"https:\/\/diving.evolutiontravel.it\/infovacanze\/?s={search_term_string}\"},\"query-input\":\"required name=search_term_string\"}],\"inLanguage\":\"it-IT\"}]}<\/script>\n<!-- \/ Yoast SEO plugin. -->","yoast_head_json":{"title":"Tipi di immersioni: spiegazione e significato - Diving Evolution Travel","description":"Quanti tipi di immersioni subacquee ci sono? Cosa significa diving? Ecco per te un articolo con informazioni utili se vuoi fare questo sport in vacanza!","robots":{"index":"index","follow":"follow","max-snippet":"max-snippet:-1","max-image-preview":"max-image-preview:large","max-video-preview":"max-video-preview:-1"},"canonical":"https:\/\/diving.evolutiontravel.it\/infovacanze\/tipi-immersioni\/","og_locale":"it_IT","og_type":"article","og_title":"Tipi di immersioni: spiegazione e significato - Diving Evolution Travel","og_description":"Quanti tipi di immersioni subacquee ci sono? Cosa significa diving? Ecco per te un articolo con informazioni utili se vuoi fare questo sport in vacanza!","og_url":"https:\/\/diving.evolutiontravel.it\/infovacanze\/tipi-immersioni\/","og_site_name":"Diving","article_modified_time":"2019-02-14T09:38:25+00:00","og_image":[{"url":"https:\/\/diving.evolutiontravel.it\/infovacanze\/wp-content\/uploads\/sites\/32\/2019\/01\/relitti-mar-rosso.jpg"}],"twitter_card":"summary_large_image","twitter_misc":{"Tempo di lettura stimato":"3 minuti"},"schema":{"@context":"https:\/\/schema.org","@graph":[{"@type":"WebPage","@id":"https:\/\/diving.evolutiontravel.it\/infovacanze\/tipi-immersioni\/","url":"https:\/\/diving.evolutiontravel.it\/infovacanze\/tipi-immersioni\/","name":"Tipi di immersioni: spiegazione e significato - Diving Evolution Travel","isPartOf":{"@id":"https:\/\/diving.evolutiontravel.it\/infovacanze\/#website"},"datePublished":"2019-01-11T14:07:18+00:00","dateModified":"2019-02-14T09:38:25+00:00","description":"Quanti tipi di immersioni subacquee ci sono? Cosa significa diving? Ecco per te un articolo con informazioni utili se vuoi fare questo sport in vacanza!","breadcrumb":{"@id":"https:\/\/diving.evolutiontravel.it\/infovacanze\/tipi-immersioni\/#breadcrumb"},"inLanguage":"it-IT","potentialAction":[{"@type":"ReadAction","target":["https:\/\/diving.evolutiontravel.it\/infovacanze\/tipi-immersioni\/"]}]},{"@type":"BreadcrumbList","@id":"https:\/\/diving.evolutiontravel.it\/infovacanze\/tipi-immersioni\/#breadcrumb","itemListElement":[{"@type":"ListItem","position":1,"name":"Home","item":"https:\/\/diving.evolutiontravel.it\/infovacanze\/"},{"@type":"ListItem","position":2,"name":"Quanti tipi di immersioni subacquee ci sono?"}]},{"@type":"WebSite","@id":"https:\/\/diving.evolutiontravel.it\/infovacanze\/#website","url":"https:\/\/diving.evolutiontravel.it\/infovacanze\/","name":"Diving","description":"","potentialAction":[{"@type":"SearchAction","target":{"@type":"EntryPoint","urlTemplate":"https:\/\/diving.evolutiontravel.it\/infovacanze\/?s={search_term_string}"},"query-input":"required name=search_term_string"}],"inLanguage":"it-IT"}]}},"_links":{"self":[{"href":"https:\/\/diving.evolutiontravel.it\/infovacanze\/wp-json\/wp\/v2\/pages\/131"}],"collection":[{"href":"https:\/\/diving.evolutiontravel.it\/infovacanze\/wp-json\/wp\/v2\/pages"}],"about":[{"href":"https:\/\/diving.evolutiontravel.it\/infovacanze\/wp-json\/wp\/v2\/types\/page"}],"author":[{"embeddable":true,"href":"https:\/\/diving.evolutiontravel.it\/infovacanze\/wp-json\/wp\/v2\/users\/6"}],"replies":[{"embeddable":true,"href":"https:\/\/diving.evolutiontravel.it\/infovacanze\/wp-json\/wp\/v2\/comments?post=131"}],"version-history":[{"count":6,"href":"https:\/\/diving.evolutiontravel.it\/infovacanze\/wp-json\/wp\/v2\/pages\/131\/revisions"}],"predecessor-version":[{"id":195,"href":"https:\/\/diving.evolutiontravel.it\/infovacanze\/wp-json\/wp\/v2\/pages\/131\/revisions\/195"}],"wp:attachment":[{"href":"https:\/\/diving.evolutiontravel.it\/infovacanze\/wp-json\/wp\/v2\/media?parent=131"}],"curies":[{"name":"wp","href":"https:\/\/api.w.org\/{rel}","templated":true}]}}